{"id":684,"date":"2024-10-16T08:03:19","date_gmt":"2024-10-16T06:03:19","guid":{"rendered":"https:\/\/smartalignerservices.com\/politica-privacidad\/"},"modified":"2025-06-02T09:42:49","modified_gmt":"2025-06-02T07:42:49","slug":"politica-privacidad","status":"publish","type":"page","link":"https:\/\/smartalignerservices.com\/it\/politica-privacidad\/","title":{"rendered":"POL\u00cdTICA DE PRIVACIDAD"},"content":{"rendered":"<p data-start=\"81\" data-end=\"568\"><strong data-start=\"81\" data-end=\"109\">\u201cSmart Aligner Services\u201d<\/strong> \u00e8 profondamente impegnata a rispettare la normativa spagnola ed europea in materia di protezione dei dati personali e garantisce il pieno rispetto degli obblighi previsti, nonch\u00e9 l\u2019attuazione delle misure di sicurezza stabilite nel <strong data-start=\"342\" data-end=\"428\">Regolamento Generale sulla Protezione dei Dati (RGPD) (UE) 2016\/679, del 27 aprile<\/strong>, e nella <strong data-start=\"438\" data-end=\"548\">Legge Organica 3\/2018, del 5 dicembre, sulla Protezione dei Dati Personali e garanzia dei diritti digitali<\/strong> (di seguito, LOPD).<\/p>\n<p data-start=\"570\" data-end=\"867\">Conformemente a tali normative, informiamo che l\u2019utilizzo del nostro sito web pu\u00f2 richiedere la fornitura di alcuni dati personali tramite moduli di contatto o attraverso l\u2019invio di email, e che tali dati saranno trattati da <strong data-start=\"795\" data-end=\"823\">\u201cSmart Aligner Services\u201d<\/strong>, Titolare del trattamento, i cui dati sono:<\/p>\n<p data-start=\"869\" data-end=\"1025\">\u2022 Ragione sociale: Smart Aligner Services SL<br data-start=\"913\" data-end=\"916\" \/>\u2022 NIF: B10923480<br data-start=\"932\" data-end=\"935\" \/>\u2022 Sede legale: C\/ Santa Ana 2, 6\u00ba, 30008 Murcia<br data-start=\"982\" data-end=\"985\" \/>\u2022 Email: <a class=\"cursor-pointer\" rel=\"noopener\" data-start=\"994\" data-end=\"1023\">info@smartalignerservices.com<\/a><\/p>\n<h3 data-start=\"1027\" data-end=\"1072\">Raccolta e Trattamento dei Dati Personali<\/h3>\n<p data-start=\"1074\" data-end=\"1365\">Un dato personale \u00e8 qualsiasi informazione relativa a una persona: nome, email, indirizzo, telefono, NIF\/NIE\u2026 Inoltre, quando un utente visita il nostro sito, alcune informazioni vengono automaticamente memorizzate per motivi tecnici, come l\u2019indirizzo IP assegnato dal suo provider internet.<\/p>\n<p data-start=\"1367\" data-end=\"1631\"><strong data-start=\"1367\" data-end=\"1393\">Smart Aligner Services<\/strong>, in qualit\u00e0 di Titolare del trattamento, ha il dovere di informare gli utenti del proprio sito sulla raccolta dei dati personali che pu\u00f2 avvenire, sia tramite l\u2019invio di email, sia attraverso la compilazione dei moduli presenti sul sito.<\/p>\n<p data-start=\"1633\" data-end=\"2043\">Saranno raccolti esclusivamente i dati necessari per fornire il servizio richiesto o per rispondere in modo adeguato alla richiesta dell\u2019utente. I dati raccolti sono identificativi e rappresentano il minimo ragionevole necessario per l\u2019attivit\u00e0 svolta. In nessun momento vengono raccolti dati particolarmente sensibili. I dati non saranno mai utilizzati per scopi diversi da quelli per cui sono stati raccolti.<\/p>\n<h3 data-start=\"2045\" data-end=\"2075\">Moduli di contatto \/ Email<\/h3>\n<p data-start=\"2077\" data-end=\"2443\"><strong data-start=\"2077\" data-end=\"2089\">Finalit\u00e0<\/strong>: Rispondere alla richiesta di informazioni inviata tramite i nostri moduli di contatto.<br data-start=\"2177\" data-end=\"2180\" \/><strong data-start=\"2180\" data-end=\"2198\">Base giuridica<\/strong>: Il trattamento \u00e8 legittimato dal consenso dell\u2019utente, che pu\u00f2 essere revocato in qualsiasi momento.<br data-start=\"2300\" data-end=\"2303\" \/><strong data-start=\"2303\" data-end=\"2329\">Comunicazione dei dati<\/strong>: I dati personali saranno trattati tramite server gestiti da XDMedia, in qualit\u00e0 di Responsabile del trattamento.<\/p>\n<h3 data-start=\"2445\" data-end=\"2485\">Moduli di iscrizione alla newsletter<\/h3>\n<p data-start=\"2487\" data-end=\"3122\"><strong data-start=\"2487\" data-end=\"2499\">Finalit\u00e0<\/strong>: Invio di comunicazioni, alcune delle quali di tipo commerciale, di interesse per l\u2019utente in base al contenuto del sito. Come stabilito dalla LSSICE, <strong data-start=\"2651\" data-end=\"2677\">Smart Aligner Services<\/strong> si impegna a non inviare comunicazioni commerciali non identificate come tali. Non \u00e8 considerata comunicazione commerciale l\u2019informazione inviata ai clienti per mantenere un rapporto contrattuale esistente, se presente.<br data-start=\"2897\" data-end=\"2900\" \/><strong data-start=\"2900\" data-end=\"2918\">Base giuridica<\/strong>: Il consenso dell\u2019utente, che potr\u00e0 revocarlo in qualsiasi momento.<br data-start=\"2986\" data-end=\"2989\" \/><strong data-start=\"2989\" data-end=\"3015\">Comunicazione dei dati<\/strong>: I dati saranno trattati tramite server gestiti da Acumbamail, in qualit\u00e0 di Responsabile del trattamento.<\/p>\n<h3 data-start=\"3124\" data-end=\"3134\">Minori<\/h3>\n<p data-start=\"3136\" data-end=\"3311\">Solo i maggiori di 14 anni possono fornire dati personali su questo sito web. Per i minori di 14 anni, \u00e8 necessario il consenso dei genitori o tutori per trattare i loro dati.<\/p>\n<p data-start=\"3313\" data-end=\"3489\">Solo i maggiori di 18 anni possono contrattare i nostri servizi. In caso contrario, sar\u00e0 richiesto il consenso dei genitori o tutori legali, salvo che il minore sia emancipato.<\/p>\n<h3 data-start=\"3491\" data-end=\"3514\">Misure di Sicurezza<\/h3>\n<p data-start=\"3516\" data-end=\"3832\">Informiamo gli utenti del sito <strong data-start=\"3547\" data-end=\"3573\">Smart Aligner Services<\/strong> che sono state adottate misure tecniche e organizzative per prevenire la perdita, uso improprio, alterazione, accesso non autorizzato o furto dei dati, garantendo la riservatezza, integrit\u00e0 e qualit\u00e0 delle informazioni trattate, secondo la normativa vigente.<\/p>\n<p data-start=\"3834\" data-end=\"3987\">I dati personali raccolti tramite i moduli saranno trattati solo dal personale di <strong data-start=\"3916\" data-end=\"3942\">Smart Aligner Services<\/strong> o da Responsabili del trattamento designati.<\/p>\n<p data-start=\"3989\" data-end=\"4160\">Il sito web di <strong data-start=\"4004\" data-end=\"4030\">Smart Aligner Services<\/strong> dispone inoltre di un certificato SSL, che consente all\u2019utente di inviare in modo sicuro i propri dati tramite i moduli del sito.<\/p>\n<h3 data-start=\"4162\" data-end=\"4185\">Veridicit\u00e0 dei Dati<\/h3>\n<p data-start=\"4187\" data-end=\"4395\">L\u2019utente dichiara che tutti i dati forniti sono veri e corretti, e si impegna a mantenerli aggiornati. Sar\u00e0 responsabile per eventuali conflitti o controversie derivanti dalla non veridicit\u00e0 dei dati forniti.<\/p>\n<p data-start=\"4397\" data-end=\"4498\">Per mantenere i dati aggiornati, l\u2019utente deve informare <strong data-start=\"4454\" data-end=\"4480\">Smart Aligner Services<\/strong> di ogni modifica.<\/p>\n<h3 data-start=\"4500\" data-end=\"4526\">Comunicazione dei Dati<\/h3>\n<p data-start=\"4528\" data-end=\"4715\"><strong data-start=\"4528\" data-end=\"4554\">Smart Aligner Services<\/strong> non comunicher\u00e0 i tuoi dati a terzi, salvo i casi legalmente previsti o strettamente necessari per l\u2019erogazione di un servizio. I dati potranno essere ceduti a:<\/p>\n<p data-start=\"4717\" data-end=\"4925\">\u2022 Fornitori di servizi informatici o tecnologici<br data-start=\"4765\" data-end=\"4768\" \/>\u2022 Fornitori di servizi di pagamento<br data-start=\"4803\" data-end=\"4806\" \/>\u2022 Aziende di spedizione e corrieri<br data-start=\"4840\" data-end=\"4843\" \/>\u2022 Terzi o intermediari che agiscono per nostro conto (es. contabilit\u00e0, consulenza)<\/p>\n<p data-start=\"4927\" data-end=\"5213\">Tutte le comunicazioni avverranno nel rispetto della massima riservatezza e, se necessario, tramite accordi di riservatezza o adesione alle politiche di privacy dei terzi. L\u2019utente pu\u00f2 opporsi alla comunicazione dei propri dati ai Responsabili del trattamento tramite richiesta scritta.<\/p>\n<p data-start=\"5215\" data-end=\"5371\">Quando necessario, i dati dei clienti potranno essere comunicati ad enti pubblici per obblighi legali (Agenzia delle Entrate, Ispettorato del Lavoro, ecc.).<\/p>\n<h3 data-start=\"5373\" data-end=\"5410\">Esercizio dei Diritti dell\u2019Utente<\/h3>\n<p data-start=\"5412\" data-end=\"5722\">Il RGPD e la LOPD riconoscono agli interessati una serie di diritti sul trattamento dei dati personali. L\u2019utente pu\u00f2 esercitarli inviando una richiesta scritta con copia del documento d\u2019identit\u00e0 (DNI o passaporto) via email a <a class=\"cursor-pointer\" rel=\"noopener\" data-start=\"5638\" data-end=\"5667\">info@smartalignerservices.com<\/a> o via posta all\u2019indirizzo indicato nell\u2019Avviso Legale.<\/p>\n<p data-start=\"5724\" data-end=\"5851\">L\u2019esercizio dei diritti deve essere effettuato dall\u2019interessato o da persona autorizzata, allegando prova della rappresentanza.<\/p>\n<p data-start=\"5853\" data-end=\"5881\">I diritti esercitabili sono:<\/p>\n<p data-start=\"5883\" data-end=\"6410\">\u2022 <strong data-start=\"5885\" data-end=\"5907\">Diritto di accesso<\/strong>: sapere se i propri dati sono trattati e con quale finalit\u00e0.<br data-start=\"5968\" data-end=\"5971\" \/>\u2022 <strong data-start=\"5973\" data-end=\"6013\">Diritto di rettifica o cancellazione<\/strong>: correggere dati inesatti o sopprimere quelli inadeguati o eccessivi.<br data-start=\"6083\" data-end=\"6086\" \/>\u2022 <strong data-start=\"6088\" data-end=\"6132\">Diritto alla limitazione del trattamento<\/strong>: conservare i dati solo per difendere un diritto in sede giudiziaria.<br data-start=\"6202\" data-end=\"6205\" \/>\u2022 <strong data-start=\"6207\" data-end=\"6233\">Diritto di opposizione<\/strong>: opporsi al trattamento nei casi previsti dalla legge.<br data-start=\"6288\" data-end=\"6291\" \/>\u2022 <strong data-start=\"6293\" data-end=\"6330\">Diritto alla portabilit\u00e0 dei dati<\/strong>: ricevere i propri dati in formato leggibile e trasferirli a un altro titolare.<\/p>\n<p data-start=\"6412\" data-end=\"6530\">Il consenso pu\u00f2 essere ritirato in qualsiasi momento, senza che ci\u00f2 pregiudichi la liceit\u00e0 del trattamento precedente.<\/p>\n<p data-start=\"6532\" data-end=\"6599\">Ci impegniamo a soddisfare le richieste entro un massimo di 1 mese.<\/p>\n<p data-start=\"6601\" data-end=\"6835\">Se l\u2019utente ritiene che ci sia un problema nel trattamento dei suoi dati, pu\u00f2 rivolgersi al Responsabile della Sicurezza o all\u2019autorit\u00e0 competente per la protezione dei dati, in Spagna l\u2019AEPD (Agencia Espa\u00f1ola de Protecci\u00f3n de Datos).<\/p>\n<h3 data-start=\"6837\" data-end=\"6863\">Conservazione dei Dati<\/h3>\n<p data-start=\"6865\" data-end=\"7011\">I dati personali forniti tramite modulo o email saranno trattati per il tempo necessario a rispondere alla richiesta o fino a revoca del consenso.<\/p>\n<p data-start=\"7013\" data-end=\"7133\">I dati dei clienti saranno conservati fino al termine del rapporto contrattuale. I periodi di conservazione minimi sono:<\/p>\n<p data-start=\"7135\" data-end=\"7463\">\u2022 4 anni: Legge su infrazioni e sanzioni in ambito sociale (affiliazione, pagamenti, salari\u2026)<br data-start=\"7228\" data-end=\"7231\" \/>\u2022 5 anni: Art. 1964 Codice Civile (azioni personali senza termine specifico)<br data-start=\"7307\" data-end=\"7310\" \/>\u2022 6 anni: Art. 30 Codice di Commercio (libri contabili, fatture\u2026)<br data-start=\"7375\" data-end=\"7378\" \/>\u2022 10 anni: Legge contro il riciclaggio di denaro<br data-start=\"7426\" data-end=\"7429\" \/>\u2022 Nessun limite: dati anonimizzati<\/p>\n<p data-start=\"7465\" data-end=\"7567\">I dati degli utenti iscritti alla newsletter saranno conservati finch\u00e9 non venga revocato il consenso.<\/p>\n<h3 data-start=\"7569\" data-end=\"7585\">Social Media<\/h3>\n<p data-start=\"7587\" data-end=\"7845\"><strong data-start=\"7587\" data-end=\"7613\">Smart Aligner Services<\/strong> possiede profili sui principali social network (Facebook, Instagram, LinkedIn) e agisce in qualit\u00e0 di Titolare del trattamento dei dati dei propri follower, fan, iscritti, commentatori e utenti in generale (di seguito, &#8220;follower&#8221;).<\/p>\n<p data-start=\"7847\" data-end=\"8093\">La finalit\u00e0 del trattamento \u00e8 informare i follower su attivit\u00e0 e offerte tramite qualsiasi mezzo consentito dal social network, nonch\u00e9 fornire servizio clienti personalizzato. Il trattamento \u00e8 basato sul consenso, revocabile in qualsiasi momento.<\/p>\n<p data-start=\"8095\" data-end=\"8226\">In nessun caso <strong data-start=\"8110\" data-end=\"8136\">Smart Aligner Services<\/strong> estrarr\u00e0 dati dalle reti sociali senza esplicito consenso dell\u2019utente (es. per concorsi).<\/p>\n<h3 data-start=\"8228\" data-end=\"8244\">Riservatezza<\/h3>\n<p data-start=\"8246\" data-end=\"8502\">Tutte le informazioni fornite dall\u2019utente saranno trattate come riservate e non saranno utilizzate per scopi diversi da quelli descritti. <strong data-start=\"8384\" data-end=\"8410\">Smart Aligner Services<\/strong> si impegna a non divulgare alcuna informazione sulle richieste o sul rapporto con l\u2019utente.<\/p>\n<h3 data-start=\"8504\" data-end=\"8516\">Validit\u00e0<\/h3>\n<p data-start=\"8518\" data-end=\"8852\">Questa informativa sulla privacy \u00e8 stata redatta da <strong data-start=\"8570\" data-end=\"8587\">ExpertosLOPD\u00ae<\/strong>, azienda specializzata in protezione dei dati, in data <strong data-start=\"8643\" data-end=\"8663\">22 febbraio 2022<\/strong>, e potr\u00e0 essere soggetta a modifiche normative o giurisprudenziali. \u00c8 responsabilit\u00e0 dell\u2019utente consultare il documento aggiornato per conoscere i propri diritti e doveri in ogni momento.<\/p>\n","protected":false},"excerpt":{"rendered":"<p>\u201cSmart Aligner Services\u201d \u00e8 profondamente impegnata a rispettare la normativa spagnola ed europea in materia di protezione dei dati personali e garantisce il pieno rispetto degli obblighi previsti, nonch\u00e9 l\u2019attuazione delle misure di sicurezza stabilite nel Regolamento Generale sulla Protezione dei Dati (RGPD) (UE) 2016\/679, del 27 aprile, e nella Legge Organica 3\/2018, del 5 [&hellip;]<\/p>\n","protected":false},"author":1,"featured_media":0,"parent":0,"menu_order":0,"comment_status":"closed","ping_status":"open","template":"","meta":{"_acf_changed":false,"inline_featured_image":false,"footnotes":""},"class_list":["post-684","page","type-page","status-publish","hentry"],"acf":[],"yoast_head":"<!-- This site is optimized with the Yoast SEO plugin v25.2 - https:\/\/yoast.com\/wordpress\/plugins\/seo\/ -->\n<title>POL\u00cdTICA DE PRIVACIDAD - SAS<\/title>\n<meta name=\"robots\" content=\"index, follow, max-snippet:-1, max-image-preview:large, max-video-preview:-1\" \/>\n<link rel=\"canonical\" href=\"https:\/\/smartalignerservices.com\/it\/politica-privacidad\/\" \/>\n<meta property=\"og:locale\" content=\"it_IT\" \/>\n<meta property=\"og:type\" content=\"article\" \/>\n<meta property=\"og:title\" content=\"POL\u00cdTICA DE PRIVACIDAD - SAS\" \/>\n<meta property=\"og:description\" content=\"\u201cSmart Aligner Services\u201d \u00e8 profondamente impegnata a rispettare la normativa spagnola ed europea in materia di protezione dei dati personali e garantisce il pieno rispetto degli obblighi previsti, nonch\u00e9 l\u2019attuazione delle misure di sicurezza stabilite nel Regolamento Generale sulla Protezione dei Dati (RGPD) (UE) 2016\/679, del 27 aprile, e nella Legge Organica 3\/2018, del 5 [&hellip;]\" \/>\n<meta property=\"og:url\" content=\"https:\/\/smartalignerservices.com\/it\/politica-privacidad\/\" \/>\n<meta property=\"og:site_name\" content=\"SAS\" \/>\n<meta property=\"article:modified_time\" content=\"2025-06-02T07:42:49+00:00\" \/>\n<meta name=\"twitter:card\" content=\"summary_large_image\" \/>\n<meta name=\"twitter:label1\" content=\"Tempo di lettura stimato\" \/>\n\t<meta name=\"twitter:data1\" content=\"6 minuti\" \/>\n<script type=\"application\/ld+json\" class=\"yoast-schema-graph\">{\"@context\":\"https:\/\/schema.org\",\"@graph\":[{\"@type\":\"WebPage\",\"@id\":\"https:\/\/smartalignerservices.com\/it\/politica-privacidad\/\",\"url\":\"https:\/\/smartalignerservices.com\/it\/politica-privacidad\/\",\"name\":\"POL\u00cdTICA DE PRIVACIDAD - SAS\",\"isPartOf\":{\"@id\":\"https:\/\/smartalignerservices.com\/it\/#website\"},\"datePublished\":\"2024-10-16T06:03:19+00:00\",\"dateModified\":\"2025-06-02T07:42:49+00:00\",\"breadcrumb\":{\"@id\":\"https:\/\/smartalignerservices.com\/it\/politica-privacidad\/#breadcrumb\"},\"inLanguage\":\"it-IT\",\"potentialAction\":[{\"@type\":\"ReadAction\",\"target\":[\"https:\/\/smartalignerservices.com\/it\/politica-privacidad\/\"]}]},{\"@type\":\"BreadcrumbList\",\"@id\":\"https:\/\/smartalignerservices.com\/it\/politica-privacidad\/#breadcrumb\",\"itemListElement\":[{\"@type\":\"ListItem\",\"position\":1,\"name\":\"Portada\",\"item\":\"https:\/\/smartalignerservices.com\/it\/\"},{\"@type\":\"ListItem\",\"position\":2,\"name\":\"POL\u00cdTICA DE PRIVACIDAD\"}]},{\"@type\":\"WebSite\",\"@id\":\"https:\/\/smartalignerservices.com\/it\/#website\",\"url\":\"https:\/\/smartalignerservices.com\/it\/\",\"name\":\"SAS\",\"description\":\"\",\"potentialAction\":[{\"@type\":\"SearchAction\",\"target\":{\"@type\":\"EntryPoint\",\"urlTemplate\":\"https:\/\/smartalignerservices.com\/it\/?s={search_term_string}\"},\"query-input\":{\"@type\":\"PropertyValueSpecification\",\"valueRequired\":true,\"valueName\":\"search_term_string\"}}],\"inLanguage\":\"it-IT\"}]}<\/script>\n<!-- \/ Yoast SEO plugin. -->","yoast_head_json":{"title":"POL\u00cdTICA DE PRIVACIDAD - SAS","robots":{"index":"index","follow":"follow","max-snippet":"max-snippet:-1","max-image-preview":"max-image-preview:large","max-video-preview":"max-video-preview:-1"},"canonical":"https:\/\/smartalignerservices.com\/it\/politica-privacidad\/","og_locale":"it_IT","og_type":"article","og_title":"POL\u00cdTICA DE PRIVACIDAD - SAS","og_description":"\u201cSmart Aligner Services\u201d \u00e8 profondamente impegnata a rispettare la normativa spagnola ed europea in materia di protezione dei dati personali e garantisce il pieno rispetto degli obblighi previsti, nonch\u00e9 l\u2019attuazione delle misure di sicurezza stabilite nel Regolamento Generale sulla Protezione dei Dati (RGPD) (UE) 2016\/679, del 27 aprile, e nella Legge Organica 3\/2018, del 5 [&hellip;]","og_url":"https:\/\/smartalignerservices.com\/it\/politica-privacidad\/","og_site_name":"SAS","article_modified_time":"2025-06-02T07:42:49+00:00","twitter_card":"summary_large_image","twitter_misc":{"Tempo di lettura stimato":"6 minuti"},"schema":{"@context":"https:\/\/schema.org","@graph":[{"@type":"WebPage","@id":"https:\/\/smartalignerservices.com\/it\/politica-privacidad\/","url":"https:\/\/smartalignerservices.com\/it\/politica-privacidad\/","name":"POL\u00cdTICA DE PRIVACIDAD - SAS","isPartOf":{"@id":"https:\/\/smartalignerservices.com\/it\/#website"},"datePublished":"2024-10-16T06:03:19+00:00","dateModified":"2025-06-02T07:42:49+00:00","breadcrumb":{"@id":"https:\/\/smartalignerservices.com\/it\/politica-privacidad\/#breadcrumb"},"inLanguage":"it-IT","potentialAction":[{"@type":"ReadAction","target":["https:\/\/smartalignerservices.com\/it\/politica-privacidad\/"]}]},{"@type":"BreadcrumbList","@id":"https:\/\/smartalignerservices.com\/it\/politica-privacidad\/#breadcrumb","itemListElement":[{"@type":"ListItem","position":1,"name":"Portada","item":"https:\/\/smartalignerservices.com\/it\/"},{"@type":"ListItem","position":2,"name":"POL\u00cdTICA DE PRIVACIDAD"}]},{"@type":"WebSite","@id":"https:\/\/smartalignerservices.com\/it\/#website","url":"https:\/\/smartalignerservices.com\/it\/","name":"SAS","description":"","potentialAction":[{"@type":"SearchAction","target":{"@type":"EntryPoint","urlTemplate":"https:\/\/smartalignerservices.com\/it\/?s={search_term_string}"},"query-input":{"@type":"PropertyValueSpecification","valueRequired":true,"valueName":"search_term_string"}}],"inLanguage":"it-IT"}]}},"_links":{"self":[{"href":"https:\/\/smartalignerservices.com\/it\/wp-json\/wp\/v2\/pages\/684","targetHints":{"allow":["GET"]}}],"collection":[{"href":"https:\/\/smartalignerservices.com\/it\/wp-json\/wp\/v2\/pages"}],"about":[{"href":"https:\/\/smartalignerservices.com\/it\/wp-json\/wp\/v2\/types\/page"}],"author":[{"embeddable":true,"href":"https:\/\/smartalignerservices.com\/it\/wp-json\/wp\/v2\/users\/1"}],"replies":[{"embeddable":true,"href":"https:\/\/smartalignerservices.com\/it\/wp-json\/wp\/v2\/comments?post=684"}],"version-history":[{"count":2,"href":"https:\/\/smartalignerservices.com\/it\/wp-json\/wp\/v2\/pages\/684\/revisions"}],"predecessor-version":[{"id":4485,"href":"https:\/\/smartalignerservices.com\/it\/wp-json\/wp\/v2\/pages\/684\/revisions\/4485"}],"wp:attachment":[{"href":"https:\/\/smartalignerservices.com\/it\/wp-json\/wp\/v2\/media?parent=684"}],"curies":[{"name":"wp","href":"https:\/\/api.w.org\/{rel}","templated":true}]}}