{"id":679,"date":"2024-10-18T13:51:42","date_gmt":"2024-10-18T11:51:42","guid":{"rendered":"https:\/\/smartalignerservices.com\/aviso-legal-y-condiciones-de-uso\/"},"modified":"2025-08-05T16:11:26","modified_gmt":"2025-08-05T14:11:26","slug":"aviso-legal-y-condiciones-de-uso","status":"publish","type":"page","link":"https:\/\/smartalignerservices.com\/it\/aviso-legal-y-condiciones-de-uso\/","title":{"rendered":"AVVISO LEGALE E CONDIZIONI D&#8217;USO"},"content":{"rendered":"<p data-start=\"84\" data-end=\"620\">In conformit\u00e0 con l\u2019articolo 10 della Legge 34\/2002 dell\u201911 luglio sui Servizi della Societ\u00e0 dell\u2019Informazione e del Commercio Elettronico (LSSICE), Smart Aligner Services, responsabile di questo sito web, mette a disposizione degli utenti le seguenti informazioni per definire le proprie Condizioni d\u2019Uso. Oltre ai contenuti qui esposti, gli aspetti specifici relativi alla protezione dei dati personali e alla privacy degli utenti di questo sito sono sviluppati nelle pagine dell\u2019Informativa sulla Privacy e della Politica sui Cookie.<\/p>\n<p data-start=\"622\" data-end=\"674\">Dati identificativi del Responsabile del trattamento<\/p>\n<p data-start=\"676\" data-end=\"1122\">\u2022 Ragione Sociale: Smart Aligner Services SL<br data-start=\"720\" data-end=\"723\" \/>\u2022 Nome Commerciale: Smart Aligner Services<br data-start=\"765\" data-end=\"768\" \/>\u2022 Partita IVA: B10923480<br data-start=\"792\" data-end=\"795\" \/>\u2022 Sede legale: C\/ Santa Ana 2, 6\u00ba, 30008 Murcia, Spagna<br data-start=\"850\" data-end=\"853\" \/>\u2022 Attivit\u00e0: Servizio di Pianificazione Ortodontica<br data-start=\"903\" data-end=\"906\" \/>\u2022 Telefono: +34 633 784 651<br data-start=\"933\" data-end=\"936\" \/>\u2022 Email: <a class=\"cursor-pointer\" rel=\"noopener\" data-start=\"945\" data-end=\"974\">info@smartalignerservices.com<\/a><br data-start=\"974\" data-end=\"977\" \/>\u2022 Dominio: <a class=\"\" href=\"http:\/\/www.smartalignerservices.com\" target=\"_new\" rel=\"noopener\" data-start=\"988\" data-end=\"1016\">www.smartalignerservices.com<\/a><br data-start=\"1016\" data-end=\"1019\" \/>\u2022 Registro delle attivit\u00e0 di trattamento secondo il GDPR: Clienti\/Fornitori, Mailing list e Utenti web.<\/p>\n<p data-start=\"1124\" data-end=\"1145\">Finalit\u00e0 del sito web<\/p>\n<p data-start=\"1147\" data-end=\"1420\">Il sito web di \u201cSmart Aligner Services\u201d ha come obiettivo informare i clienti e i potenziali clienti sui suoi prodotti e\/o servizi, dati di contatto, ubicazione, ecc. Inoltre, potr\u00e0 essere utilizzato per diffondere informazioni relative al settore di attivit\u00e0 del titolare.<\/p>\n<p data-start=\"1422\" data-end=\"1438\">Quadro normativo<\/p>\n<p data-start=\"1440\" data-end=\"1533\">L\u2019attivit\u00e0 di questo sito \u00e8 soggetta al quadro normativo spagnolo ed europeo, in particolare:<\/p>\n<p data-start=\"1535\" data-end=\"2140\">\u2022 Regolamento Generale sulla Protezione dei Dati (GDPR) (UE) 2016\/679 del 27 aprile, che regola il trattamento dei dati personali nei paesi dell\u2019Unione Europea.<br data-start=\"1695\" data-end=\"1698\" \/>\u2022 Legge Organica 3\/2018 del 5 dicembre sulla Protezione dei Dati Personali e Garanzia dei Diritti Digitali (LOPD e GDD), normativa spagnola che definisce ed estende molti dei concetti e dei diritti presenti nel GDPR.<br data-start=\"1914\" data-end=\"1917\" \/>\u2022 Legge 34\/2002 dell\u201911 luglio sui Servizi della Societ\u00e0 dell\u2019Informazione e del Commercio Elettronico (LSSICE), che si applica ai siti web che svolgono attivit\u00e0 economiche tramite mezzi elettronici, come nel caso presente.<\/p>\n<p data-start=\"2142\" data-end=\"2175\">Condizioni d\u2019uso e responsabilit\u00e0<\/p>\n<p data-start=\"2177\" data-end=\"2357\">Chiunque acceda a questo sito assume il ruolo di utente e si impegna a rispettare rigorosamente le condizioni qui stabilite, nonch\u00e9 qualsiasi altra disposizione legale applicabile.<\/p>\n<p data-start=\"2359\" data-end=\"2578\">Smart Aligner Services non \u00e8 responsabile per eventuali danni, propri o a terzi, derivanti da un uso improprio di questo sito da parte dell\u2019utente. I contenuti del sito non costituiscono in alcun modo consulenza legale.<\/p>\n<p data-start=\"2580\" data-end=\"2793\">Smart Aligner Services si riserva il diritto di modificare qualsiasi tipo di informazione presente nel sito, in qualsiasi momento e senza preavviso. La pubblicazione sul sito sar\u00e0 considerata sufficiente notifica.<\/p>\n<p data-start=\"2795\" data-end=\"3175\">Il sito \u00e8 stato revisionato e testato per garantire un funzionamento corretto e continuo. Tuttavia, Smart Aligner Services non esclude la possibilit\u00e0 che si verifichino errori di programmazione, indisponibilit\u00e0 temporanee (come cadute del server o manutenzione), o cause di forza maggiore (catastrofi naturali, scioperi, ecc.) che rendano impossibile l\u2019accesso temporaneo al sito.<\/p>\n<p data-start=\"3177\" data-end=\"3426\">Allo stesso modo, Smart Aligner Services non pu\u00f2 garantire un funzionamento ininterrotto o completamente privo di errori, n\u00e9 si assume responsabilit\u00e0 per virus trasmessi telematicamente da terzi con l\u2019intento di arrecare danno a sistemi informatici.<\/p>\n<p data-start=\"3428\" data-end=\"3604\">L\u2019utente si impegna a non utilizzare il sito, n\u00e9 i servizi o prodotti eventualmente offerti, per attivit\u00e0 contrarie alla legge, all\u2019ordine pubblico o a queste condizioni d\u2019uso.<\/p>\n<p data-start=\"3606\" data-end=\"3864\">Pertanto, Smart Aligner Services non \u00e8 responsabile delle informazioni e dei contenuti archiviati, a titolo esemplificativo ma non esaustivo, in forum, chat, blog, commenti, social network o qualsiasi altro mezzo che permetta a terzi di pubblicare contenuti.<\/p>\n<p data-start=\"3866\" data-end=\"4336\">Tuttavia, in conformit\u00e0 con gli articoli 11 e 16 della LSSI-CE, Smart Aligner Services si mette a disposizione degli utenti, delle autorit\u00e0 e delle forze dell\u2019ordine, collaborando attivamente nella rimozione o nel blocco di tutti quei contenuti che possano violare la normativa nazionale o internazionale, i diritti di terzi, la morale o l\u2019ordine pubblico. Se un utente ritiene che vi siano contenuti classificabili in tal senso, \u00e8 pregato di comunicarlo immediatamente.<\/p>\n<p data-start=\"4338\" data-end=\"4552\">Smart Aligner Services si riserva il diritto di negare o revocare l\u2019accesso al sito senza necessit\u00e0 di preavviso, di propria iniziativa o su richiesta di terzi, agli utenti che violino le presenti Condizioni d\u2019Uso.<\/p>\n<p data-start=\"4554\" data-end=\"4577\">Propriet\u00e0 intellettuale<\/p>\n<p data-start=\"4579\" data-end=\"4880\">Il sito web, compresi ma non limitati a programmazione, design, compilazione e altri elementi necessari al suo funzionamento, nonch\u00e9 i loghi, testi e\/o elementi grafici, sono di propriet\u00e0 di Smart Aligner Services o, se del caso, utilizzati con licenza o autorizzazione espressa da parte degli autori.<\/p>\n<p data-start=\"4882\" data-end=\"5256\">Tutti i contenuti del sito sono protetti dalle normative in materia di propriet\u00e0 intellettuale e industriale, nonch\u00e9 registrati presso gli enti pubblici competenti. Non \u00e8 consentita la riproduzione e\/o pubblicazione, totale o parziale, il trattamento informatico, la distribuzione, la diffusione, la modifica o la trasformazione del sito senza previa autorizzazione scritta.<\/p>\n<p data-start=\"5258\" data-end=\"5481\">Smart Aligner Services vigiler\u00e0 sul rispetto di queste condizioni e sull\u2019uso corretto dei contenuti del sito, intraprendendo tutte le azioni civili e penali necessarie in caso di violazione dei diritti da parte dell\u2019utente.<\/p>\n<p data-start=\"5483\" data-end=\"5783\">I design, loghi, testi e\/o elementi grafici appartenenti a terzi presenti sul sito appartengono ai rispettivi proprietari, che sono responsabili di eventuali controversie che possano sorgere. In ogni caso, Smart Aligner Services dispone dell\u2019autorizzazione espressa e preventiva per il loro utilizzo.<\/p>\n<p data-start=\"5785\" data-end=\"6095\">Smart Aligner Services riconosce a favore dei titolari i relativi diritti di propriet\u00e0 industriale e intellettuale. La loro semplice menzione o presenza nel sito non implica l\u2019esistenza di diritti o responsabilit\u00e0 da parte di Smart Aligner Services, n\u00e9 implica approvazione, sponsorizzazione o raccomandazione.<\/p>\n<p data-start=\"6097\" data-end=\"6116\">Link di terze parti<\/p>\n<p data-start=\"6118\" data-end=\"6429\">Smart Aligner Services pu\u00f2 mettere a disposizione degli utenti link o altri elementi che consentano l\u2019accesso a siti web di terzi. Non commercializziamo i prodotti o servizi di tali siti n\u00e9 ci assumiamo alcuna responsabilit\u00e0 sui contenuti, sulla loro veridicit\u00e0 o legalit\u00e0, o su eventuali conseguenze derivanti.<\/p>\n<p data-start=\"6431\" data-end=\"6719\">In ogni caso, Smart Aligner Services dichiara che proceder\u00e0 alla rimozione immediata di qualsiasi contenuto che possa violare la normativa nazionale o internazionale, la morale o l\u2019ordine pubblico, disattivando il reindirizzamento al sito in questione e informando le autorit\u00e0 competenti.<\/p>\n<p data-start=\"6721\" data-end=\"6754\">Legge applicabile e giurisdizione<\/p>\n<p data-start=\"6756\" data-end=\"7073\">La lingua di redazione e interpretazione di questo avviso legale \u00e8 lo spagnolo. Il rapporto tra Smart Aligner Services e l\u2019utente \u00e8 regolato interamente dalla legge spagnola, alla quale entrambe le parti si sottopongono espressamente per qualsiasi controversia o questione legata a questo sito o alle attivit\u00e0 svolte.<\/p>\n<p data-start=\"7075\" data-end=\"7273\">Nel caso in cui l\u2019utente abbia residenza fuori dalla Spagna, Smart Aligner Services e l\u2019utente rinunciano espressamente a qualsiasi altro foro e si sottopongono ai Tribunali competenti della Spagna.<\/p>\n","protected":false},"excerpt":{"rendered":"<p>In conformit\u00e0 con l\u2019articolo 10 della Legge 34\/2002 dell\u201911 luglio sui Servizi della Societ\u00e0 dell\u2019Informazione e del Commercio Elettronico (LSSICE), Smart Aligner Services, responsabile di questo sito web, mette a disposizione degli utenti le seguenti informazioni per definire le proprie Condizioni d\u2019Uso. Oltre ai contenuti qui esposti, gli aspetti specifici relativi alla protezione dei dati [&hellip;]<\/p>\n","protected":false},"author":1,"featured_media":0,"parent":0,"menu_order":0,"comment_status":"closed","ping_status":"closed","template":"","meta":{"_acf_changed":false,"inline_featured_image":false,"footnotes":""},"class_list":["post-679","page","type-page","status-publish","hentry"],"acf":[],"yoast_head":"<!-- This site is optimized with the Yoast SEO plugin v25.2 - https:\/\/yoast.com\/wordpress\/plugins\/seo\/ -->\n<title>AVVISO LEGALE E CONDIZIONI D&#039;USO - SAS<\/title>\n<meta name=\"robots\" content=\"index, follow, max-snippet:-1, max-image-preview:large, max-video-preview:-1\" \/>\n<link rel=\"canonical\" href=\"https:\/\/smartalignerservices.com\/it\/aviso-legal-y-condiciones-de-uso\/\" \/>\n<meta property=\"og:locale\" content=\"it_IT\" \/>\n<meta property=\"og:type\" content=\"article\" \/>\n<meta property=\"og:title\" content=\"AVVISO LEGALE E CONDIZIONI D&#039;USO - SAS\" \/>\n<meta property=\"og:description\" content=\"In conformit\u00e0 con l\u2019articolo 10 della Legge 34\/2002 dell\u201911 luglio sui Servizi della Societ\u00e0 dell\u2019Informazione e del Commercio Elettronico (LSSICE), Smart Aligner Services, responsabile di questo sito web, mette a disposizione degli utenti le seguenti informazioni per definire le proprie Condizioni d\u2019Uso. Oltre ai contenuti qui esposti, gli aspetti specifici relativi alla protezione dei dati [&hellip;]\" \/>\n<meta property=\"og:url\" content=\"https:\/\/smartalignerservices.com\/it\/aviso-legal-y-condiciones-de-uso\/\" \/>\n<meta property=\"og:site_name\" content=\"SAS\" \/>\n<meta property=\"article:modified_time\" content=\"2025-08-05T14:11:26+00:00\" \/>\n<meta name=\"twitter:card\" content=\"summary_large_image\" \/>\n<meta name=\"twitter:label1\" content=\"Tempo di lettura stimato\" \/>\n\t<meta name=\"twitter:data1\" content=\"5 minuti\" \/>\n<script type=\"application\/ld+json\" class=\"yoast-schema-graph\">{\"@context\":\"https:\/\/schema.org\",\"@graph\":[{\"@type\":\"WebPage\",\"@id\":\"https:\/\/smartalignerservices.com\/it\/aviso-legal-y-condiciones-de-uso\/\",\"url\":\"https:\/\/smartalignerservices.com\/it\/aviso-legal-y-condiciones-de-uso\/\",\"name\":\"AVVISO LEGALE E CONDIZIONI D'USO - SAS\",\"isPartOf\":{\"@id\":\"https:\/\/smartalignerservices.com\/it\/#website\"},\"datePublished\":\"2024-10-18T11:51:42+00:00\",\"dateModified\":\"2025-08-05T14:11:26+00:00\",\"breadcrumb\":{\"@id\":\"https:\/\/smartalignerservices.com\/it\/aviso-legal-y-condiciones-de-uso\/#breadcrumb\"},\"inLanguage\":\"it-IT\",\"potentialAction\":[{\"@type\":\"ReadAction\",\"target\":[\"https:\/\/smartalignerservices.com\/it\/aviso-legal-y-condiciones-de-uso\/\"]}]},{\"@type\":\"BreadcrumbList\",\"@id\":\"https:\/\/smartalignerservices.com\/it\/aviso-legal-y-condiciones-de-uso\/#breadcrumb\",\"itemListElement\":[{\"@type\":\"ListItem\",\"position\":1,\"name\":\"Portada\",\"item\":\"https:\/\/smartalignerservices.com\/it\/\"},{\"@type\":\"ListItem\",\"position\":2,\"name\":\"AVVISO LEGALE E CONDIZIONI D&#8217;USO\"}]},{\"@type\":\"WebSite\",\"@id\":\"https:\/\/smartalignerservices.com\/it\/#website\",\"url\":\"https:\/\/smartalignerservices.com\/it\/\",\"name\":\"SAS\",\"description\":\"\",\"potentialAction\":[{\"@type\":\"SearchAction\",\"target\":{\"@type\":\"EntryPoint\",\"urlTemplate\":\"https:\/\/smartalignerservices.com\/it\/?s={search_term_string}\"},\"query-input\":{\"@type\":\"PropertyValueSpecification\",\"valueRequired\":true,\"valueName\":\"search_term_string\"}}],\"inLanguage\":\"it-IT\"}]}<\/script>\n<!-- \/ Yoast SEO plugin. -->","yoast_head_json":{"title":"AVVISO LEGALE E CONDIZIONI D'USO - SAS","robots":{"index":"index","follow":"follow","max-snippet":"max-snippet:-1","max-image-preview":"max-image-preview:large","max-video-preview":"max-video-preview:-1"},"canonical":"https:\/\/smartalignerservices.com\/it\/aviso-legal-y-condiciones-de-uso\/","og_locale":"it_IT","og_type":"article","og_title":"AVVISO LEGALE E CONDIZIONI D'USO - SAS","og_description":"In conformit\u00e0 con l\u2019articolo 10 della Legge 34\/2002 dell\u201911 luglio sui Servizi della Societ\u00e0 dell\u2019Informazione e del Commercio Elettronico (LSSICE), Smart Aligner Services, responsabile di questo sito web, mette a disposizione degli utenti le seguenti informazioni per definire le proprie Condizioni d\u2019Uso. Oltre ai contenuti qui esposti, gli aspetti specifici relativi alla protezione dei dati [&hellip;]","og_url":"https:\/\/smartalignerservices.com\/it\/aviso-legal-y-condiciones-de-uso\/","og_site_name":"SAS","article_modified_time":"2025-08-05T14:11:26+00:00","twitter_card":"summary_large_image","twitter_misc":{"Tempo di lettura stimato":"5 minuti"},"schema":{"@context":"https:\/\/schema.org","@graph":[{"@type":"WebPage","@id":"https:\/\/smartalignerservices.com\/it\/aviso-legal-y-condiciones-de-uso\/","url":"https:\/\/smartalignerservices.com\/it\/aviso-legal-y-condiciones-de-uso\/","name":"AVVISO LEGALE E CONDIZIONI D'USO - SAS","isPartOf":{"@id":"https:\/\/smartalignerservices.com\/it\/#website"},"datePublished":"2024-10-18T11:51:42+00:00","dateModified":"2025-08-05T14:11:26+00:00","breadcrumb":{"@id":"https:\/\/smartalignerservices.com\/it\/aviso-legal-y-condiciones-de-uso\/#breadcrumb"},"inLanguage":"it-IT","potentialAction":[{"@type":"ReadAction","target":["https:\/\/smartalignerservices.com\/it\/aviso-legal-y-condiciones-de-uso\/"]}]},{"@type":"BreadcrumbList","@id":"https:\/\/smartalignerservices.com\/it\/aviso-legal-y-condiciones-de-uso\/#breadcrumb","itemListElement":[{"@type":"ListItem","position":1,"name":"Portada","item":"https:\/\/smartalignerservices.com\/it\/"},{"@type":"ListItem","position":2,"name":"AVVISO LEGALE E CONDIZIONI D&#8217;USO"}]},{"@type":"WebSite","@id":"https:\/\/smartalignerservices.com\/it\/#website","url":"https:\/\/smartalignerservices.com\/it\/","name":"SAS","description":"","potentialAction":[{"@type":"SearchAction","target":{"@type":"EntryPoint","urlTemplate":"https:\/\/smartalignerservices.com\/it\/?s={search_term_string}"},"query-input":{"@type":"PropertyValueSpecification","valueRequired":true,"valueName":"search_term_string"}}],"inLanguage":"it-IT"}]}},"_links":{"self":[{"href":"https:\/\/smartalignerservices.com\/it\/wp-json\/wp\/v2\/pages\/679","targetHints":{"allow":["GET"]}}],"collection":[{"href":"https:\/\/smartalignerservices.com\/it\/wp-json\/wp\/v2\/pages"}],"about":[{"href":"https:\/\/smartalignerservices.com\/it\/wp-json\/wp\/v2\/types\/page"}],"author":[{"embeddable":true,"href":"https:\/\/smartalignerservices.com\/it\/wp-json\/wp\/v2\/users\/1"}],"replies":[{"embeddable":true,"href":"https:\/\/smartalignerservices.com\/it\/wp-json\/wp\/v2\/comments?post=679"}],"version-history":[{"count":4,"href":"https:\/\/smartalignerservices.com\/it\/wp-json\/wp\/v2\/pages\/679\/revisions"}],"predecessor-version":[{"id":4936,"href":"https:\/\/smartalignerservices.com\/it\/wp-json\/wp\/v2\/pages\/679\/revisions\/4936"}],"wp:attachment":[{"href":"https:\/\/smartalignerservices.com\/it\/wp-json\/wp\/v2\/media?parent=679"}],"curies":[{"name":"wp","href":"https:\/\/api.w.org\/{rel}","templated":true}]}}